{"id":14654,"date":"2023-10-30T09:54:42","date_gmt":"2023-10-30T06:54:42","guid":{"rendered":"https:\/\/ctech.sa\/store\/?post_type=product&#038;p=14654"},"modified":"2025-01-13T06:42:42","modified_gmt":"2025-01-13T03:42:42","slug":"imou-ranger-rc-3mp-ipc-gk2cn-3c0wr-wifi-wireless-camera","status":"publish","type":"product","link":"https:\/\/ctech.sa\/store\/product\/imou-ranger-rc-3mp-ipc-gk2cn-3c0wr-wifi-wireless-camera\/","title":{"rendered":"IMOU RANGER RC 3MP IPC-GK2CN-3C0WR WIFI WIRELESS CAMERA \u0643\u0627\u0645\u064a\u0631\u0627 \u0627\u064a\u0645\u0648 \u0631\u064a\u0646\u062c\u0631 RC 3MP IPC-GK2CN-3C0WR \u0648\u0627\u064a \u0641\u0627\u064a \u0644\u0627\u0633\u0644\u0643\u064a\u0629"},"content":{"rendered":"<p><a href=\"https:\/\/www.imoulife.com\/ph\/product\/detail\/ranger-rc-3mp\">https:\/\/www.imoulife.com\/ph\/product\/detail\/ranger-rc-3mp<\/a><\/p>\n","protected":false},"excerpt":{"rendered":"<div class=\"specs-item\" data-v-e37392e6=\"\">\n<div class=\"specs-child\" data-v-e37392e6=\"\">\n<div class=\"child-item\" data-v-e37392e6=\"\">\n<p class=\"child-title\" data-v-e37392e6=\"\">Camera<\/p>\n<div class=\"child-content\" data-v-e37392e6=\"\">\n<p>1\/2.7&#8243; Progressive CMOS<\/p>\n<p>3MP(2304 x 1296)<\/p>\n<p>Night Vision: 10m(33ft) Distance<\/p>\n<p>3.6mm Fixed Lens<\/p>\n<p>Field of View: 86.5\u00b0(H), 44.5\u00b0(V), 104.5\u00b0(D)<\/p>\n<p>0~355\u00b0Pan &amp; -10~70\u00b0Tilt<\/p>\n<\/div>\n<\/div>\n<div class=\"child-item\" data-v-e37392e6=\"\">\n<p class=\"child-title\" data-v-e37392e6=\"\">Network<\/p>\n<div class=\"child-content\" data-v-e37392e6=\"\">\n<p>Wi-Fi: IEEE802.11b\/g\/n, 50m Open Field<\/p>\n<p>Imou App: iOS, Android<\/p>\n<p>Onvif<\/p>\n<\/div>\n<\/div>\n<div class=\"child-item\" data-v-e37392e6=\"\">\n<p class=\"child-title\" data-v-e37392e6=\"\">Video &amp; Audio<\/p>\n<div class=\"child-content\" data-v-e37392e6=\"\">\n<p>Video Compression: H.265\/H.264<\/p>\n<p>Up to 25\/30fps Frame Rate<\/p>\n<p>Digital Zoom<\/p>\n<p>Two-way Audio<\/p>\n<\/div>\n<\/div>\n<div class=\"child-item\" data-v-e37392e6=\"\">\n<p class=\"child-title\" data-v-e37392e6=\"\">Auxiliary Interface<\/p>\n<div class=\"child-content\" data-v-e37392e6=\"\">\n<p>Micro SD Card Slot (up to 256GB)<\/p>\n<p>Built-in Mic &amp; Speaker<\/p>\n<p>Reset Button<\/p>\n<p>One-touch Call Button<\/p>\n<\/div>\n<\/div>\n<div class=\"child-item\" data-v-e37392e6=\"\">\n<p class=\"child-title\" data-v-e37392e6=\"\">Notice Management<\/p>\n<div class=\"child-content\" data-v-e37392e6=\"\">\n<p>Motion Detection<\/p>\n<p>Human Detection<\/p>\n<p>Configurable Region<\/p>\n<p>Abnormal Sound Alarm<\/p>\n<p>One-touch Call Notification<\/p>\n<\/div>\n<\/div>\n<div class=\"child-item\" data-v-e37392e6=\"\">\n<p class=\"child-title\" data-v-e37392e6=\"\">General<\/p>\n<div class=\"child-content\" data-v-e37392e6=\"\">\n<p>DC 5V1A Power Supply<\/p>\n<p>Power Consumption: &lt;5W<\/p>\n<p>Working Environment: -10\u00b0C~+45\u00b0C, Less Than 95%RH<\/p>\n<p>Dimensions: 80 \u00d7 80 \u00d7 110.4mm (3.16\u00d7 3.16 \u00d7 4.36 inch)<\/p>\n<p>Weight: 171g (0.38lb)<\/p>\n<p>CE, FCC<\/p>\n<\/div>\n<\/div>\n<\/div>\n<\/div>\n<div class=\"specs-item\" data-v-e37392e6=\"\">\n<p class=\"specs-title\" data-v-e37392e6=\"\">What\u2019s in the box<\/p>\n<div class=\"specs-child\" data-v-e37392e6=\"\">\n<div class=\"child-item\" data-v-e37392e6=\"\">\n<div class=\"child-content\" data-v-e37392e6=\"\">\n<p>&#8211; 1x Camera<\/p>\n<p>&#8211; 1x Quick Start Guide<\/p>\n<p>&#8211; 1x Power Adapter<\/p>\n<p>&#8211; 1x Power Cable<\/p>\n<\/div>\n<\/div>\n<div class=\"child-item\" data-v-e37392e6=\"\">\n<div class=\"child-content\" data-v-e37392e6=\"\">\n<p>&#8211; 1x Screw Package<\/p>\n<p>&#8211; 1x Mounting Plate<\/p>\n<p>&#8211; 1x Installation Position Map<\/p>\n<\/div>\n<\/div>\n<\/div>\n<\/div>\n","protected":false},"featured_media":14658,"comment_status":"open","ping_status":"closed","template":"","meta":[],"product_brand":[],"product_cat":[130,143,238,225],"product_tag":[],"class_list":{"0":"post-14654","1":"product","2":"type-product","3":"status-publish","4":"has-post-thumbnail","6":"product_cat-surveillance","7":"product_cat-networks","8":"product_cat-imou","9":"product_cat-children-cam","11":"first","12":"instock","13":"sale","14":"taxable","15":"shipping-taxable","16":"purchasable","17":"product-type-simple"},"yoast_head":"<!-- This site is optimized with the Yoast SEO plugin v26.8 - https:\/\/yoast.com\/product\/yoast-seo-wordpress\/ -->\n<title>IMOU RANGER RC 3MP IPC-GK2CN-3C0WR WIFI WIRELESS CAMERA \u0643\u0627\u0645\u064a\u0631\u0627 \u0627\u064a\u0645\u0648 \u0631\u064a\u0646\u062c\u0631 RC 3MP IPC-GK2CN-3C0WR \u0648\u0627\u064a \u0641\u0627\u064a \u0644\u0627\u0633\u0644\u0643\u064a\u0629 - \u0645\u062a\u062c\u0631 \u0645\u0624\u0633\u0633\u0629 \u0627\u0644\u062a\u0642\u0646\u064a\u0629 \u0627\u0644\u0645\u0646\u0627\u0641\u0633\u0629<\/title>\n<meta name=\"robots\" content=\"index, follow, max-snippet:-1, max-image-preview:large, max-video-preview:-1\" \/>\n<link rel=\"canonical\" href=\"https:\/\/ctech.sa\/store\/product\/imou-ranger-rc-3mp-ipc-gk2cn-3c0wr-wifi-wireless-camera\/\" \/>\n<meta property=\"og:locale\" content=\"ar_AR\" \/>\n<meta property=\"og:type\" content=\"article\" \/>\n<meta property=\"og:title\" content=\"IMOU RANGER RC 3MP IPC-GK2CN-3C0WR WIFI WIRELESS CAMERA \u0643\u0627\u0645\u064a\u0631\u0627 \u0627\u064a\u0645\u0648 \u0631\u064a\u0646\u062c\u0631 RC 3MP IPC-GK2CN-3C0WR \u0648\u0627\u064a \u0641\u0627\u064a \u0644\u0627\u0633\u0644\u0643\u064a\u0629 - \u0645\u062a\u062c\u0631 \u0645\u0624\u0633\u0633\u0629 \u0627\u0644\u062a\u0642\u0646\u064a\u0629 \u0627\u0644\u0645\u0646\u0627\u0641\u0633\u0629\" \/>\n<meta property=\"og:description\" content=\"Camera    1\/2.7&quot; Progressive CMOS  3MP(2304 x 1296)  Night Vision: 10m(33ft) Distance  3.6mm Fixed Lens  Field of View: 86.5\u00b0(H), 44.5\u00b0(V), 104.5\u00b0(D)  0~355\u00b0Pan &amp; -10~70\u00b0Tilt     Network    Wi-Fi: IEEE802.11b\/g\/n, 50m Open Field  Imou App: iOS, Android  Onvif     Video &amp; Audio    Video Compression: H.265\/H.264  Up to 25\/30fps Frame Rate  Digital Zoom  Two-way Audio     Auxiliary Interface    Micro SD Card Slot (up to 256GB)  Built-in Mic &amp; Speaker  Reset Button  One-touch Call Button     Notice Management    Motion Detection  Human Detection  Configurable Region  Abnormal Sound Alarm  One-touch Call Notification     General    DC 5V1A Power Supply  Power Consumption: &lt;5W  Working Environment: -10\u00b0C~+45\u00b0C, Less Than 95%RH  Dimensions: 80 \u00d7 80 \u00d7 110.4mm (3.16\u00d7 3.16 \u00d7 4.36 inch)  Weight: 171g (0.38lb)  CE, FCC       What\u2019s in the box      - 1x Camera  - 1x Quick Start Guide  - 1x Power Adapter  - 1x Power Cable       - 1x Screw Package  - 1x Mounting Plate  - 1x Installation Position Map\" \/>\n<meta property=\"og:url\" content=\"https:\/\/ctech.sa\/store\/product\/imou-ranger-rc-3mp-ipc-gk2cn-3c0wr-wifi-wireless-camera\/\" \/>\n<meta property=\"og:site_name\" content=\"\u0645\u062a\u062c\u0631 \u0645\u0624\u0633\u0633\u0629 \u0627\u0644\u062a\u0642\u0646\u064a\u0629 \u0627\u0644\u0645\u0646\u0627\u0641\u0633\u0629\" \/>\n<meta property=\"article:modified_time\" content=\"2025-01-13T03:42:42+00:00\" \/>\n<meta property=\"og:image\" content=\"https:\/\/ctech.sa\/store\/wp-content\/uploads\/2023\/10\/0d9c0abc67ba48209be0a2eaad11b9c2.png\" \/>\n\t<meta property=\"og:image:width\" content=\"500\" \/>\n\t<meta property=\"og:image:height\" content=\"500\" \/>\n\t<meta property=\"og:image:type\" content=\"image\/png\" \/>\n<meta name=\"twitter:card\" content=\"summary_large_image\" \/>\n<meta name=\"twitter:label1\" content=\"\u0648\u0642\u062a \u0627\u0644\u0642\u0631\u0627\u0621\u0629 \u0627\u0644\u0645\u064f\u0642\u062f\u0651\u0631\" \/>\n\t<meta name=\"twitter:data1\" content=\"\u062f\u0642\u064a\u0642\u0629 \u0648\u0627\u062d\u062f\u0629\" \/>\n<script type=\"application\/ld+json\" class=\"yoast-schema-graph\">{\"@context\":\"https:\/\/schema.org\",\"@graph\":[{\"@type\":\"WebPage\",\"@id\":\"https:\/\/ctech.sa\/store\/product\/imou-ranger-rc-3mp-ipc-gk2cn-3c0wr-wifi-wireless-camera\/\",\"url\":\"https:\/\/ctech.sa\/store\/product\/imou-ranger-rc-3mp-ipc-gk2cn-3c0wr-wifi-wireless-camera\/\",\"name\":\"IMOU RANGER RC 3MP IPC-GK2CN-3C0WR WIFI WIRELESS CAMERA \u0643\u0627\u0645\u064a\u0631\u0627 \u0627\u064a\u0645\u0648 \u0631\u064a\u0646\u062c\u0631 RC 3MP IPC-GK2CN-3C0WR \u0648\u0627\u064a \u0641\u0627\u064a \u0644\u0627\u0633\u0644\u0643\u064a\u0629 - \u0645\u062a\u062c\u0631 \u0645\u0624\u0633\u0633\u0629 \u0627\u0644\u062a\u0642\u0646\u064a\u0629 \u0627\u0644\u0645\u0646\u0627\u0641\u0633\u0629\",\"isPartOf\":{\"@id\":\"https:\/\/ctech.sa\/store\/#website\"},\"primaryImageOfPage\":{\"@id\":\"https:\/\/ctech.sa\/store\/product\/imou-ranger-rc-3mp-ipc-gk2cn-3c0wr-wifi-wireless-camera\/#primaryimage\"},\"image\":{\"@id\":\"https:\/\/ctech.sa\/store\/product\/imou-ranger-rc-3mp-ipc-gk2cn-3c0wr-wifi-wireless-camera\/#primaryimage\"},\"thumbnailUrl\":\"https:\/\/ctech.sa\/store\/wp-content\/uploads\/2023\/10\/0d9c0abc67ba48209be0a2eaad11b9c2.png\",\"datePublished\":\"2023-10-30T06:54:42+00:00\",\"dateModified\":\"2025-01-13T03:42:42+00:00\",\"breadcrumb\":{\"@id\":\"https:\/\/ctech.sa\/store\/product\/imou-ranger-rc-3mp-ipc-gk2cn-3c0wr-wifi-wireless-camera\/#breadcrumb\"},\"inLanguage\":\"ar\",\"potentialAction\":[{\"@type\":\"ReadAction\",\"target\":[\"https:\/\/ctech.sa\/store\/product\/imou-ranger-rc-3mp-ipc-gk2cn-3c0wr-wifi-wireless-camera\/\"]}]},{\"@type\":\"ImageObject\",\"inLanguage\":\"ar\",\"@id\":\"https:\/\/ctech.sa\/store\/product\/imou-ranger-rc-3mp-ipc-gk2cn-3c0wr-wifi-wireless-camera\/#primaryimage\",\"url\":\"https:\/\/ctech.sa\/store\/wp-content\/uploads\/2023\/10\/0d9c0abc67ba48209be0a2eaad11b9c2.png\",\"contentUrl\":\"https:\/\/ctech.sa\/store\/wp-content\/uploads\/2023\/10\/0d9c0abc67ba48209be0a2eaad11b9c2.png\",\"width\":500,\"height\":500},{\"@type\":\"BreadcrumbList\",\"@id\":\"https:\/\/ctech.sa\/store\/product\/imou-ranger-rc-3mp-ipc-gk2cn-3c0wr-wifi-wireless-camera\/#breadcrumb\",\"itemListElement\":[{\"@type\":\"ListItem\",\"position\":1,\"name\":\"Home\",\"item\":\"https:\/\/ctech.sa\/store\/\"},{\"@type\":\"ListItem\",\"position\":2,\"name\":\"\u0627\u0644\u0645\u062a\u062c\u0631\",\"item\":\"https:\/\/ctech.sa\/store\/shop\/\"},{\"@type\":\"ListItem\",\"position\":3,\"name\":\"IMOU RANGER RC 3MP IPC-GK2CN-3C0WR WIFI WIRELESS CAMERA \u0643\u0627\u0645\u064a\u0631\u0627 \u0627\u064a\u0645\u0648 \u0631\u064a\u0646\u062c\u0631 RC 3MP IPC-GK2CN-3C0WR \u0648\u0627\u064a \u0641\u0627\u064a \u0644\u0627\u0633\u0644\u0643\u064a\u0629\"}]},{\"@type\":\"WebSite\",\"@id\":\"https:\/\/ctech.sa\/store\/#website\",\"url\":\"https:\/\/ctech.sa\/store\/\",\"name\":\"\u0645\u062a\u062c\u0631 \u0645\u0624\u0633\u0633\u0629 \u0627\u0644\u062a\u0642\u0646\u064a\u0629 \u0627\u0644\u0645\u0646\u0627\u0641\u0633\u0629\",\"description\":\"\u0645\u062a\u062c\u0631 \u0627\u0633\u062a\u062b\u0646\u0627\u0626\u064a\u060c \u0628\u0636\u0645\u0627\u0646 \u062a\u0631\u0643\u064a\u0628 \u0641\u0631\u064a\u062f \u0644\u0645\u062f\u0629 \u0663 \u0633\u0646\u0648\u0627\u062a\",\"potentialAction\":[{\"@type\":\"SearchAction\",\"target\":{\"@type\":\"EntryPoint\",\"urlTemplate\":\"https:\/\/ctech.sa\/store\/?s={search_term_string}\"},\"query-input\":{\"@type\":\"PropertyValueSpecification\",\"valueRequired\":true,\"valueName\":\"search_term_string\"}}],\"inLanguage\":\"ar\"}]}<\/script>\n<!-- \/ Yoast SEO plugin. -->","yoast_head_json":{"title":"IMOU RANGER RC 3MP IPC-GK2CN-3C0WR WIFI WIRELESS CAMERA \u0643\u0627\u0645\u064a\u0631\u0627 \u0627\u064a\u0645\u0648 \u0631\u064a\u0646\u062c\u0631 RC 3MP IPC-GK2CN-3C0WR \u0648\u0627\u064a \u0641\u0627\u064a \u0644\u0627\u0633\u0644\u0643\u064a\u0629 - \u0645\u062a\u062c\u0631 \u0645\u0624\u0633\u0633\u0629 \u0627\u0644\u062a\u0642\u0646\u064a\u0629 \u0627\u0644\u0645\u0646\u0627\u0641\u0633\u0629","robots":{"index":"index","follow":"follow","max-snippet":"max-snippet:-1","max-image-preview":"max-image-preview:large","max-video-preview":"max-video-preview:-1"},"canonical":"https:\/\/ctech.sa\/store\/product\/imou-ranger-rc-3mp-ipc-gk2cn-3c0wr-wifi-wireless-camera\/","og_locale":"ar_AR","og_type":"article","og_title":"IMOU RANGER RC 3MP IPC-GK2CN-3C0WR WIFI WIRELESS CAMERA \u0643\u0627\u0645\u064a\u0631\u0627 \u0627\u064a\u0645\u0648 \u0631\u064a\u0646\u062c\u0631 RC 3MP IPC-GK2CN-3C0WR \u0648\u0627\u064a \u0641\u0627\u064a \u0644\u0627\u0633\u0644\u0643\u064a\u0629 - \u0645\u062a\u062c\u0631 \u0645\u0624\u0633\u0633\u0629 \u0627\u0644\u062a\u0642\u0646\u064a\u0629 \u0627\u0644\u0645\u0646\u0627\u0641\u0633\u0629","og_description":"Camera    1\/2.7\" Progressive CMOS  3MP(2304 x 1296)  Night Vision: 10m(33ft) Distance  3.6mm Fixed Lens  Field of View: 86.5\u00b0(H), 44.5\u00b0(V), 104.5\u00b0(D)  0~355\u00b0Pan &amp; -10~70\u00b0Tilt     Network    Wi-Fi: IEEE802.11b\/g\/n, 50m Open Field  Imou App: iOS, Android  Onvif     Video &amp; Audio    Video Compression: H.265\/H.264  Up to 25\/30fps Frame Rate  Digital Zoom  Two-way Audio     Auxiliary Interface    Micro SD Card Slot (up to 256GB)  Built-in Mic &amp; Speaker  Reset Button  One-touch Call Button     Notice Management    Motion Detection  Human Detection  Configurable Region  Abnormal Sound Alarm  One-touch Call Notification     General    DC 5V1A Power Supply  Power Consumption: &lt;5W  Working Environment: -10\u00b0C~+45\u00b0C, Less Than 95%RH  Dimensions: 80 \u00d7 80 \u00d7 110.4mm (3.16\u00d7 3.16 \u00d7 4.36 inch)  Weight: 171g (0.38lb)  CE, FCC       What\u2019s in the box      - 1x Camera  - 1x Quick Start Guide  - 1x Power Adapter  - 1x Power Cable       - 1x Screw Package  - 1x Mounting Plate  - 1x Installation Position Map","og_url":"https:\/\/ctech.sa\/store\/product\/imou-ranger-rc-3mp-ipc-gk2cn-3c0wr-wifi-wireless-camera\/","og_site_name":"\u0645\u062a\u062c\u0631 \u0645\u0624\u0633\u0633\u0629 \u0627\u0644\u062a\u0642\u0646\u064a\u0629 \u0627\u0644\u0645\u0646\u0627\u0641\u0633\u0629","article_modified_time":"2025-01-13T03:42:42+00:00","og_image":[{"width":500,"height":500,"url":"https:\/\/ctech.sa\/store\/wp-content\/uploads\/2023\/10\/0d9c0abc67ba48209be0a2eaad11b9c2.png","type":"image\/png"}],"twitter_card":"summary_large_image","twitter_misc":{"\u0648\u0642\u062a \u0627\u0644\u0642\u0631\u0627\u0621\u0629 \u0627\u0644\u0645\u064f\u0642\u062f\u0651\u0631":"\u062f\u0642\u064a\u0642\u0629 \u0648\u0627\u062d\u062f\u0629"},"schema":{"@context":"https:\/\/schema.org","@graph":[{"@type":"WebPage","@id":"https:\/\/ctech.sa\/store\/product\/imou-ranger-rc-3mp-ipc-gk2cn-3c0wr-wifi-wireless-camera\/","url":"https:\/\/ctech.sa\/store\/product\/imou-ranger-rc-3mp-ipc-gk2cn-3c0wr-wifi-wireless-camera\/","name":"IMOU RANGER RC 3MP IPC-GK2CN-3C0WR WIFI WIRELESS CAMERA \u0643\u0627\u0645\u064a\u0631\u0627 \u0627\u064a\u0645\u0648 \u0631\u064a\u0646\u062c\u0631 RC 3MP IPC-GK2CN-3C0WR \u0648\u0627\u064a \u0641\u0627\u064a \u0644\u0627\u0633\u0644\u0643\u064a\u0629 - \u0645\u062a\u062c\u0631 \u0645\u0624\u0633\u0633\u0629 \u0627\u0644\u062a\u0642\u0646\u064a\u0629 \u0627\u0644\u0645\u0646\u0627\u0641\u0633\u0629","isPartOf":{"@id":"https:\/\/ctech.sa\/store\/#website"},"primaryImageOfPage":{"@id":"https:\/\/ctech.sa\/store\/product\/imou-ranger-rc-3mp-ipc-gk2cn-3c0wr-wifi-wireless-camera\/#primaryimage"},"image":{"@id":"https:\/\/ctech.sa\/store\/product\/imou-ranger-rc-3mp-ipc-gk2cn-3c0wr-wifi-wireless-camera\/#primaryimage"},"thumbnailUrl":"https:\/\/ctech.sa\/store\/wp-content\/uploads\/2023\/10\/0d9c0abc67ba48209be0a2eaad11b9c2.png","datePublished":"2023-10-30T06:54:42+00:00","dateModified":"2025-01-13T03:42:42+00:00","breadcrumb":{"@id":"https:\/\/ctech.sa\/store\/product\/imou-ranger-rc-3mp-ipc-gk2cn-3c0wr-wifi-wireless-camera\/#breadcrumb"},"inLanguage":"ar","potentialAction":[{"@type":"ReadAction","target":["https:\/\/ctech.sa\/store\/product\/imou-ranger-rc-3mp-ipc-gk2cn-3c0wr-wifi-wireless-camera\/"]}]},{"@type":"ImageObject","inLanguage":"ar","@id":"https:\/\/ctech.sa\/store\/product\/imou-ranger-rc-3mp-ipc-gk2cn-3c0wr-wifi-wireless-camera\/#primaryimage","url":"https:\/\/ctech.sa\/store\/wp-content\/uploads\/2023\/10\/0d9c0abc67ba48209be0a2eaad11b9c2.png","contentUrl":"https:\/\/ctech.sa\/store\/wp-content\/uploads\/2023\/10\/0d9c0abc67ba48209be0a2eaad11b9c2.png","width":500,"height":500},{"@type":"BreadcrumbList","@id":"https:\/\/ctech.sa\/store\/product\/imou-ranger-rc-3mp-ipc-gk2cn-3c0wr-wifi-wireless-camera\/#breadcrumb","itemListElement":[{"@type":"ListItem","position":1,"name":"Home","item":"https:\/\/ctech.sa\/store\/"},{"@type":"ListItem","position":2,"name":"\u0627\u0644\u0645\u062a\u062c\u0631","item":"https:\/\/ctech.sa\/store\/shop\/"},{"@type":"ListItem","position":3,"name":"IMOU RANGER RC 3MP IPC-GK2CN-3C0WR WIFI WIRELESS CAMERA \u0643\u0627\u0645\u064a\u0631\u0627 \u0627\u064a\u0645\u0648 \u0631\u064a\u0646\u062c\u0631 RC 3MP IPC-GK2CN-3C0WR \u0648\u0627\u064a \u0641\u0627\u064a \u0644\u0627\u0633\u0644\u0643\u064a\u0629"}]},{"@type":"WebSite","@id":"https:\/\/ctech.sa\/store\/#website","url":"https:\/\/ctech.sa\/store\/","name":"\u0645\u062a\u062c\u0631 \u0645\u0624\u0633\u0633\u0629 \u0627\u0644\u062a\u0642\u0646\u064a\u0629 \u0627\u0644\u0645\u0646\u0627\u0641\u0633\u0629","description":"\u0645\u062a\u062c\u0631 \u0627\u0633\u062a\u062b\u0646\u0627\u0626\u064a\u060c \u0628\u0636\u0645\u0627\u0646 \u062a\u0631\u0643\u064a\u0628 \u0641\u0631\u064a\u062f \u0644\u0645\u062f\u0629 \u0663 \u0633\u0646\u0648\u0627\u062a","potentialAction":[{"@type":"SearchAction","target":{"@type":"EntryPoint","urlTemplate":"https:\/\/ctech.sa\/store\/?s={search_term_string}"},"query-input":{"@type":"PropertyValueSpecification","valueRequired":true,"valueName":"search_term_string"}}],"inLanguage":"ar"}]}},"wcpa_form_fields":null,"_links":{"self":[{"href":"https:\/\/ctech.sa\/store\/wp-json\/wp\/v2\/product\/14654","targetHints":{"allow":["GET"]}}],"collection":[{"href":"https:\/\/ctech.sa\/store\/wp-json\/wp\/v2\/product"}],"about":[{"href":"https:\/\/ctech.sa\/store\/wp-json\/wp\/v2\/types\/product"}],"replies":[{"embeddable":true,"href":"https:\/\/ctech.sa\/store\/wp-json\/wp\/v2\/comments?post=14654"}],"version-history":[{"count":3,"href":"https:\/\/ctech.sa\/store\/wp-json\/wp\/v2\/product\/14654\/revisions"}],"predecessor-version":[{"id":14656,"href":"https:\/\/ctech.sa\/store\/wp-json\/wp\/v2\/product\/14654\/revisions\/14656"}],"wp:featuredmedia":[{"embeddable":true,"href":"https:\/\/ctech.sa\/store\/wp-json\/wp\/v2\/media\/14658"}],"wp:attachment":[{"href":"https:\/\/ctech.sa\/store\/wp-json\/wp\/v2\/media?parent=14654"}],"wp:term":[{"taxonomy":"product_brand","embeddable":true,"href":"https:\/\/ctech.sa\/store\/wp-json\/wp\/v2\/product_brand?post=14654"},{"taxonomy":"product_cat","embeddable":true,"href":"https:\/\/ctech.sa\/store\/wp-json\/wp\/v2\/product_cat?post=14654"},{"taxonomy":"product_tag","embeddable":true,"href":"https:\/\/ctech.sa\/store\/wp-json\/wp\/v2\/product_tag?post=14654"}],"curies":[{"name":"wp","href":"https:\/\/api.w.org\/{rel}","templated":true}]}}